{"id":29,"date":"2020-01-17T15:26:20","date_gmt":"2020-01-17T15:26:20","guid":{"rendered":"https:\/\/demosites.io\/web-agency\/?page_id=29"},"modified":"2023-05-04T14:57:39","modified_gmt":"2023-05-04T14:57:39","slug":"acerca-de","status":"publish","type":"page","link":"https:\/\/colonia.rits.mx\/index.php\/acerca-de\/","title":{"rendered":"Acerca De"},"content":{"rendered":"\t\t<div data-elementor-type=\"wp-page\" data-elementor-id=\"29\" class=\"elementor elementor-29\">\n\t\t\t\t\t\t<section class=\"elementor-section elementor-top-section elementor-element elementor-element-2e1c32a elementor-section-boxed elementor-section-height-default elementor-section-height-default\" data-id=\"2e1c32a\" data-element_type=\"section\" data-e-type=\"section\">\n\t\t\t\t\t\t<div class=\"elementor-container elementor-column-gap-default\">\n\t\t\t\t\t<div class=\"elementor-column elementor-col-50 elementor-top-column elementor-element elementor-element-6908381\" data-id=\"6908381\" data-element_type=\"column\" data-e-type=\"column\">\n\t\t\t<div class=\"elementor-widget-wrap elementor-element-populated\">\n\t\t\t\t\t\t<div class=\"elementor-element elementor-element-839b6d8 elementor-widget elementor-widget-heading\" data-id=\"839b6d8\" data-element_type=\"widget\" data-e-type=\"widget\" data-widget_type=\"heading.default\">\n\t\t\t\t<div class=\"elementor-widget-container\">\n\t\t\t\t\t<h1 class=\"elementor-heading-title elementor-size-default\">Acerca de<\/h1>\t\t\t\t<\/div>\n\t\t\t\t<\/div>\n\t\t\t\t\t<\/div>\n\t\t<\/div>\n\t\t\t\t<div class=\"elementor-column elementor-col-50 elementor-top-column elementor-element elementor-element-3c3823a\" data-id=\"3c3823a\" data-element_type=\"column\" data-e-type=\"column\">\n\t\t\t<div class=\"elementor-widget-wrap elementor-element-populated\">\n\t\t\t\t\t\t<div class=\"elementor-element elementor-element-e8a7862 elementor-widget elementor-widget-image\" data-id=\"e8a7862\" data-element_type=\"widget\" data-e-type=\"widget\" data-widget_type=\"image.default\">\n\t\t\t\t<div class=\"elementor-widget-container\">\n\t\t\t\t\t\t\t\t\t\t\t\t\t\t\t<img decoding=\"async\" width=\"250\" height=\"169\" src=\"https:\/\/colonia.rits.mx\/wp-content\/uploads\/2020\/05\/logo-PRST-group-01-e1556371640551.png\" class=\"attachment-large size-large wp-image-369\" alt=\"\" \/>\t\t\t\t\t\t\t\t\t\t\t\t\t\t\t<\/div>\n\t\t\t\t<\/div>\n\t\t\t\t\t<\/div>\n\t\t<\/div>\n\t\t\t\t\t<\/div>\n\t\t<\/section>\n\t\t\t\t<section class=\"elementor-section elementor-top-section elementor-element elementor-element-1a9919f elementor-section-boxed elementor-section-height-default elementor-section-height-default\" data-id=\"1a9919f\" data-element_type=\"section\" data-e-type=\"section\" data-settings=\"{&quot;background_background&quot;:&quot;classic&quot;}\">\n\t\t\t\t\t\t<div class=\"elementor-container elementor-column-gap-default\">\n\t\t\t\t\t<div class=\"elementor-column elementor-col-100 elementor-top-column elementor-element elementor-element-2001fdc\" data-id=\"2001fdc\" data-element_type=\"column\" data-e-type=\"column\">\n\t\t\t<div class=\"elementor-widget-wrap elementor-element-populated\">\n\t\t\t\t\t\t<section class=\"elementor-section elementor-inner-section elementor-element elementor-element-9b00e11 elementor-section-boxed elementor-section-height-default elementor-section-height-default\" data-id=\"9b00e11\" data-element_type=\"section\" data-e-type=\"section\">\n\t\t\t\t\t\t<div class=\"elementor-container elementor-column-gap-default\">\n\t\t\t\t\t<div class=\"elementor-column elementor-col-50 elementor-inner-column elementor-element elementor-element-2f2a2aa\" data-id=\"2f2a2aa\" data-element_type=\"column\" data-e-type=\"column\">\n\t\t\t<div class=\"elementor-widget-wrap elementor-element-populated\">\n\t\t\t\t\t\t<div class=\"elementor-element elementor-element-f8dd489 elementor-widget elementor-widget-image\" data-id=\"f8dd489\" data-element_type=\"widget\" data-e-type=\"widget\" data-widget_type=\"image.default\">\n\t\t\t\t<div class=\"elementor-widget-container\">\n\t\t\t\t\t\t\t\t\t\t\t\t\t\t\t<img fetchpriority=\"high\" decoding=\"async\" width=\"1024\" height=\"1024\" src=\"https:\/\/colonia.rits.mx\/wp-content\/uploads\/2020\/05\/PRST-logo-cercle-1-1080x1080-1-1024x1024.png\" class=\"attachment-large size-large wp-image-373\" alt=\"\" srcset=\"https:\/\/colonia.rits.mx\/wp-content\/uploads\/2020\/05\/PRST-logo-cercle-1-1080x1080-1-1024x1024.png 1024w, https:\/\/colonia.rits.mx\/wp-content\/uploads\/2020\/05\/PRST-logo-cercle-1-1080x1080-1-300x300.png 300w, https:\/\/colonia.rits.mx\/wp-content\/uploads\/2020\/05\/PRST-logo-cercle-1-1080x1080-1-150x150.png 150w, https:\/\/colonia.rits.mx\/wp-content\/uploads\/2020\/05\/PRST-logo-cercle-1-1080x1080-1-768x768.png 768w, https:\/\/colonia.rits.mx\/wp-content\/uploads\/2020\/05\/PRST-logo-cercle-1-1080x1080-1.png 1080w\" sizes=\"(max-width: 1024px) 100vw, 1024px\" \/>\t\t\t\t\t\t\t\t\t\t\t\t\t\t\t<\/div>\n\t\t\t\t<\/div>\n\t\t\t\t<div class=\"elementor-element elementor-element-d1f18a0 elementor-widget elementor-widget-heading\" data-id=\"d1f18a0\" data-element_type=\"widget\" data-e-type=\"widget\" data-widget_type=\"heading.default\">\n\t\t\t\t<div class=\"elementor-widget-container\">\n\t\t\t\t\t<h3 class=\"elementor-heading-title elementor-size-default\">PRST de Empresa a Grupo<\/h3>\t\t\t\t<\/div>\n\t\t\t\t<\/div>\n\t\t\t\t<div class=\"elementor-element elementor-element-817caf1 elementor-widget elementor-widget-text-editor\" data-id=\"817caf1\" data-element_type=\"widget\" data-e-type=\"widget\" data-widget_type=\"text-editor.default\">\n\t\t\t\t<div class=\"elementor-widget-container\">\n\t\t\t\t\t\t\t\t\t<p>Creado en 2001, el grupo PRST ha aplicado sus conocimientos en los campos de pintura, tratamiento de superficies, rob\u00f3tica y dise\u00f1o de soluciones.<\/p>\t\t\t\t\t\t\t\t<\/div>\n\t\t\t\t<\/div>\n\t\t\t\t\t<\/div>\n\t\t<\/div>\n\t\t\t\t<div class=\"elementor-column elementor-col-50 elementor-inner-column elementor-element elementor-element-1474f79\" data-id=\"1474f79\" data-element_type=\"column\" data-e-type=\"column\">\n\t\t\t<div class=\"elementor-widget-wrap elementor-element-populated\">\n\t\t\t\t\t\t<div class=\"elementor-element elementor-element-369a565 elementor-widget elementor-widget-image\" data-id=\"369a565\" data-element_type=\"widget\" data-e-type=\"widget\" data-widget_type=\"image.default\">\n\t\t\t\t<div class=\"elementor-widget-container\">\n\t\t\t\t\t\t\t\t\t\t\t\t\t\t\t<img decoding=\"async\" width=\"1024\" height=\"1024\" src=\"https:\/\/colonia.rits.mx\/wp-content\/uploads\/2020\/05\/PRST-engineering-logo-cercle-1024x1024-1.png\" class=\"attachment-large size-large wp-image-372\" alt=\"\" srcset=\"https:\/\/colonia.rits.mx\/wp-content\/uploads\/2020\/05\/PRST-engineering-logo-cercle-1024x1024-1.png 1024w, https:\/\/colonia.rits.mx\/wp-content\/uploads\/2020\/05\/PRST-engineering-logo-cercle-1024x1024-1-300x300.png 300w, https:\/\/colonia.rits.mx\/wp-content\/uploads\/2020\/05\/PRST-engineering-logo-cercle-1024x1024-1-150x150.png 150w, https:\/\/colonia.rits.mx\/wp-content\/uploads\/2020\/05\/PRST-engineering-logo-cercle-1024x1024-1-768x768.png 768w\" sizes=\"(max-width: 1024px) 100vw, 1024px\" \/>\t\t\t\t\t\t\t\t\t\t\t\t\t\t\t<\/div>\n\t\t\t\t<\/div>\n\t\t\t\t<div class=\"elementor-element elementor-element-d74c29e elementor-widget elementor-widget-heading\" data-id=\"d74c29e\" data-element_type=\"widget\" data-e-type=\"widget\" data-widget_type=\"heading.default\">\n\t\t\t\t<div class=\"elementor-widget-container\">\n\t\t\t\t\t<h3 class=\"elementor-heading-title elementor-size-default\">PRST Engineering<\/h3>\t\t\t\t<\/div>\n\t\t\t\t<\/div>\n\t\t\t\t<div class=\"elementor-element elementor-element-b09f14a elementor-widget elementor-widget-text-editor\" data-id=\"b09f14a\" data-element_type=\"widget\" data-e-type=\"widget\" data-widget_type=\"text-editor.default\">\n\t\t\t\t<div class=\"elementor-widget-container\">\n\t\t\t\t\t\t\t\t\t<p>Especializada en ingenier\u00eda aeron\u00e1utica es parte del Grupo PRST S.A.R.L \u00a0localizada al sur de Francia.\u00a0<\/p>\t\t\t\t\t\t\t\t<\/div>\n\t\t\t\t<\/div>\n\t\t\t\t\t<\/div>\n\t\t<\/div>\n\t\t\t\t\t<\/div>\n\t\t<\/section>\n\t\t\t\t<section class=\"elementor-section elementor-inner-section elementor-element elementor-element-aa148d9 elementor-section-boxed elementor-section-height-default elementor-section-height-default\" data-id=\"aa148d9\" data-element_type=\"section\" data-e-type=\"section\">\n\t\t\t\t\t\t<div class=\"elementor-container elementor-column-gap-default\">\n\t\t\t\t\t<div class=\"elementor-column elementor-col-50 elementor-inner-column elementor-element elementor-element-4932c8a\" data-id=\"4932c8a\" data-element_type=\"column\" data-e-type=\"column\">\n\t\t\t<div class=\"elementor-widget-wrap elementor-element-populated\">\n\t\t\t\t\t\t<div class=\"elementor-element elementor-element-7182dd2 elementor-widget elementor-widget-image\" data-id=\"7182dd2\" data-element_type=\"widget\" data-e-type=\"widget\" data-widget_type=\"image.default\">\n\t\t\t\t<div class=\"elementor-widget-container\">\n\t\t\t\t\t\t\t\t\t\t\t\t\t\t\t<img loading=\"lazy\" decoding=\"async\" width=\"1024\" height=\"1024\" src=\"https:\/\/colonia.rits.mx\/wp-content\/uploads\/2020\/05\/RITS-logo-cercle-1080x1080-1-1024x1024.png\" class=\"attachment-large size-large wp-image-371\" alt=\"\" srcset=\"https:\/\/colonia.rits.mx\/wp-content\/uploads\/2020\/05\/RITS-logo-cercle-1080x1080-1-1024x1024.png 1024w, https:\/\/colonia.rits.mx\/wp-content\/uploads\/2020\/05\/RITS-logo-cercle-1080x1080-1-300x300.png 300w, https:\/\/colonia.rits.mx\/wp-content\/uploads\/2020\/05\/RITS-logo-cercle-1080x1080-1-150x150.png 150w, https:\/\/colonia.rits.mx\/wp-content\/uploads\/2020\/05\/RITS-logo-cercle-1080x1080-1-768x768.png 768w, https:\/\/colonia.rits.mx\/wp-content\/uploads\/2020\/05\/RITS-logo-cercle-1080x1080-1.png 1080w\" sizes=\"(max-width: 1024px) 100vw, 1024px\" \/>\t\t\t\t\t\t\t\t\t\t\t\t\t\t\t<\/div>\n\t\t\t\t<\/div>\n\t\t\t\t<div class=\"elementor-element elementor-element-76cdd69 elementor-widget elementor-widget-heading\" data-id=\"76cdd69\" data-element_type=\"widget\" data-e-type=\"widget\" data-widget_type=\"heading.default\">\n\t\t\t\t<div class=\"elementor-widget-container\">\n\t\t\t\t\t<h3 class=\"elementor-heading-title elementor-size-default\">Robotics and IT Solutions S.A. de C.V.<\/h3>\t\t\t\t<\/div>\n\t\t\t\t<\/div>\n\t\t\t\t<div class=\"elementor-element elementor-element-7ec204f elementor-widget elementor-widget-text-editor\" data-id=\"7ec204f\" data-element_type=\"widget\" data-e-type=\"widget\" data-widget_type=\"text-editor.default\">\n\t\t\t\t<div class=\"elementor-widget-container\">\n\t\t\t\t\t\t\t\t\t<p>Para la atenci\u00f3n de Am\u00e9rica Latina y soporte a las empresas hermanas, forma parte del Grupo PRST S.A.R.L.<\/p>\t\t\t\t\t\t\t\t<\/div>\n\t\t\t\t<\/div>\n\t\t\t\t\t<\/div>\n\t\t<\/div>\n\t\t\t\t<div class=\"elementor-column elementor-col-50 elementor-inner-column elementor-element elementor-element-5ebd18a\" data-id=\"5ebd18a\" data-element_type=\"column\" data-e-type=\"column\">\n\t\t\t<div class=\"elementor-widget-wrap elementor-element-populated\">\n\t\t\t\t\t\t<div class=\"elementor-element elementor-element-4e7d70d elementor-widget elementor-widget-image\" data-id=\"4e7d70d\" data-element_type=\"widget\" data-e-type=\"widget\" data-widget_type=\"image.default\">\n\t\t\t\t<div class=\"elementor-widget-container\">\n\t\t\t\t\t\t\t\t\t\t\t\t\t\t\t<img loading=\"lazy\" decoding=\"async\" width=\"1024\" height=\"744\" src=\"https:\/\/colonia.rits.mx\/wp-content\/uploads\/2020\/05\/PRSTGroupAbout-1024x744.png\" class=\"attachment-large size-large wp-image-382\" alt=\"\" srcset=\"https:\/\/colonia.rits.mx\/wp-content\/uploads\/2020\/05\/PRSTGroupAbout-1024x744.png 1024w, https:\/\/colonia.rits.mx\/wp-content\/uploads\/2020\/05\/PRSTGroupAbout-300x218.png 300w, https:\/\/colonia.rits.mx\/wp-content\/uploads\/2020\/05\/PRSTGroupAbout-768x558.png 768w, https:\/\/colonia.rits.mx\/wp-content\/uploads\/2020\/05\/PRSTGroupAbout.png 1180w\" sizes=\"(max-width: 1024px) 100vw, 1024px\" \/>\t\t\t\t\t\t\t\t\t\t\t\t\t\t\t<\/div>\n\t\t\t\t<\/div>\n\t\t\t\t<div class=\"elementor-element elementor-element-7de6fcd elementor-widget elementor-widget-heading\" data-id=\"7de6fcd\" data-element_type=\"widget\" data-e-type=\"widget\" data-widget_type=\"heading.default\">\n\t\t\t\t<div class=\"elementor-widget-container\">\n\t\t\t\t\t<h3 class=\"elementor-heading-title elementor-size-default\"><a href=\"#\">N\u00fameros del Grupo<\/a><\/h3>\t\t\t\t<\/div>\n\t\t\t\t<\/div>\n\t\t\t\t<div class=\"elementor-element elementor-element-b2781f0 elementor-widget elementor-widget-text-editor\" data-id=\"b2781f0\" data-element_type=\"widget\" data-e-type=\"widget\" data-widget_type=\"text-editor.default\">\n\t\t\t\t<div class=\"elementor-widget-container\">\n\t\t\t\t\t\t\t\t\t<ul><li><strong>+22<\/strong>\u00a0a\u00f1os de Experiencia en Rob\u00f3tica Industrial<\/li><li><strong>20<\/strong> Robots integrados cada a\u00f1o<\/li><li><strong>70%<\/strong> de la facturaci\u00f3n proviene de la exportaci\u00f3n<\/li><li><strong>40%<\/strong> de nuestro mercado es del sector aeron\u00e1utico<\/li><li><strong>60%<\/strong>\u00a0 es del sector automotriz e industria General<\/li><\/ul>\t\t\t\t\t\t\t\t<\/div>\n\t\t\t\t<\/div>\n\t\t\t\t\t<\/div>\n\t\t<\/div>\n\t\t\t\t\t<\/div>\n\t\t<\/section>\n\t\t\t\t\t<\/div>\n\t\t<\/div>\n\t\t\t\t\t<\/div>\n\t\t<\/section>\n\t\t\t\t<\/div>\n\t\t","protected":false},"excerpt":{"rendered":"<p>Acerca de PRST de Empresa a Grupo Creado en 2001, el grupo PRST ha aplicado sus conocimientos en los campos de pintura, tratamiento de superficies, rob\u00f3tica y dise\u00f1o de soluciones. PRST Engineering Especializada en ingenier\u00eda aeron\u00e1utica es parte del Grupo PRST S.A.R.L &nbsp;localizada al sur de Francia.&nbsp; Robotics and IT Solutions S.A. de C.V. Para&hellip;&nbsp;<a href=\"https:\/\/colonia.rits.mx\/index.php\/acerca-de\/\" rel=\"bookmark\">Read More &raquo;<span class=\"screen-reader-text\">Acerca De<\/span><\/a><\/p>\n","protected":false},"author":1,"featured_media":0,"parent":0,"menu_order":0,"comment_status":"closed","ping_status":"closed","template":"elementor_header_footer","meta":{"neve_meta_sidebar":"full-width","neve_meta_container":"","neve_meta_enable_content_width":"on","neve_meta_content_width":100,"neve_meta_title_alignment":"","neve_meta_author_avatar":"","neve_post_elements_order":"","neve_meta_disable_header":"","neve_meta_disable_footer":"","neve_meta_disable_title":"","footnotes":""},"class_list":["post-29","page","type-page","status-publish","hentry"],"_links":{"self":[{"href":"https:\/\/colonia.rits.mx\/index.php\/wp-json\/wp\/v2\/pages\/29","targetHints":{"allow":["GET"]}}],"collection":[{"href":"https:\/\/colonia.rits.mx\/index.php\/wp-json\/wp\/v2\/pages"}],"about":[{"href":"https:\/\/colonia.rits.mx\/index.php\/wp-json\/wp\/v2\/types\/page"}],"author":[{"embeddable":true,"href":"https:\/\/colonia.rits.mx\/index.php\/wp-json\/wp\/v2\/users\/1"}],"replies":[{"embeddable":true,"href":"https:\/\/colonia.rits.mx\/index.php\/wp-json\/wp\/v2\/comments?post=29"}],"version-history":[{"count":13,"href":"https:\/\/colonia.rits.mx\/index.php\/wp-json\/wp\/v2\/pages\/29\/revisions"}],"predecessor-version":[{"id":855,"href":"https:\/\/colonia.rits.mx\/index.php\/wp-json\/wp\/v2\/pages\/29\/revisions\/855"}],"wp:attachment":[{"href":"https:\/\/colonia.rits.mx\/index.php\/wp-json\/wp\/v2\/media?parent=29"}],"curies":[{"name":"wp","href":"https:\/\/api.w.org\/{rel}","templated":true}]}}